{"id":3019,"date":"2024-07-24T10:49:28","date_gmt":"2024-07-24T10:49:28","guid":{"rendered":"https:\/\/www.prokfitness.com\/?page_id=3019"},"modified":"2024-11-20T11:32:10","modified_gmt":"2024-11-20T11:32:10","slug":"suscripcion-guia","status":"publish","type":"page","link":"https:\/\/www.prokfitness.com\/es\/suscripcion-guia\/","title":{"rendered":"Suscripcion guia"},"content":{"rendered":"\t\t<div data-elementor-type=\"wp-page\" data-elementor-id=\"3019\" class=\"elementor elementor-3019\" data-elementor-post-type=\"page\">\n\t\t\t\t<div class=\"elementor-element elementor-element-cafb898 e-flex e-con-boxed e-con e-parent\" data-id=\"cafb898\" data-element_type=\"container\" data-settings=\"{&quot;background_background&quot;:&quot;classic&quot;}\">\n\t\t\t\t\t<div class=\"e-con-inner\">\n\t\t<div class=\"elementor-element elementor-element-2e18790 e-con-full e-flex e-con e-child\" data-id=\"2e18790\" data-element_type=\"container\">\n\t\t\t\t<div class=\"elementor-element elementor-element-64ac5ba banner-title exad-sticky-section-no exad-glass-effect-no elementor-widget elementor-widget-heading\" data-id=\"64ac5ba\" data-element_type=\"widget\" data-widget_type=\"heading.default\">\n\t\t\t\t<div class=\"elementor-widget-container\">\n\t\t\t\t\t<h1 class=\"elementor-heading-title elementor-size-default\">\u00bfQuieres perder peso pero no sabes por d\u00f3nde empezar?<\/h1>\t\t\t\t<\/div>\n\t\t\t\t<\/div>\n\t\t\t\t<div class=\"elementor-element elementor-element-b12350f banner-title exad-sticky-section-no exad-glass-effect-no elementor-widget elementor-widget-heading\" data-id=\"b12350f\" data-element_type=\"widget\" data-widget_type=\"heading.default\">\n\t\t\t\t<div class=\"elementor-widget-container\">\n\t\t\t\t\t<h2 class=\"elementor-heading-title elementor-size-default\">Mi gu\u00eda GRATIS de 7 pasos para perder grasa abdominal te ayudar\u00e1\n<\/h2>\t\t\t\t<\/div>\n\t\t\t\t<\/div>\n\t\t\t\t<div class=\"elementor-element elementor-element-d4b2b0f exad-sticky-section-no exad-glass-effect-no elementor-widget elementor-widget-heading\" data-id=\"d4b2b0f\" data-element_type=\"widget\" data-widget_type=\"heading.default\">\n\t\t\t\t<div class=\"elementor-widget-container\">\n\t\t\t\t\t<h2 class=\"elementor-heading-title elementor-size-default\">Descubre las claves de como lograr un abdomen plana de manera efectiva. Esta gu\u00eda, especialmente dise\u00f1ada para principiantes, te permitir\u00e1 comprender c\u00f3mo adelgazar de manera adecuada y sostenible.<\/h2>\t\t\t\t<\/div>\n\t\t\t\t<\/div>\n\t\t\t\t<\/div>\n\t\t<div class=\"elementor-element elementor-element-a85590e e-con-full e-flex e-con e-child\" data-id=\"a85590e\" data-element_type=\"container\" id=\"sub_formm\">\n\t\t<div class=\"elementor-element elementor-element-c9fe963 e-con-full e-flex e-con e-child\" data-id=\"c9fe963\" data-element_type=\"container\" data-settings=\"{&quot;background_background&quot;:&quot;classic&quot;}\">\n\t\t<div class=\"elementor-element elementor-element-2211b17 e-con-full e-flex e-con e-child\" data-id=\"2211b17\" data-element_type=\"container\" data-settings=\"{&quot;background_background&quot;:&quot;classic&quot;}\">\n\t\t\t\t<div class=\"elementor-element elementor-element-3a01d4b exad-sticky-section-no exad-glass-effect-no elementor-widget elementor-widget-image\" data-id=\"3a01d4b\" data-element_type=\"widget\" data-widget_type=\"image.default\">\n\t\t\t\t<div class=\"elementor-widget-container\">\n\t\t\t\t\t\t\t\t\t\t\t\t\t\t\t<img decoding=\"async\" src=\"https:\/\/www.prokfitness.com\/wp-content\/uploads\/2024\/08\/purchase-banner.jpg\" title=\"\" alt=\"\" loading=\"lazy\" \/>\t\t\t\t\t\t\t\t\t\t\t\t\t\t\t<\/div>\n\t\t\t\t<\/div>\n\t\t\t\t<\/div>\n\t\t<div class=\"elementor-element elementor-element-4ed6f3e e-con-full e-flex e-con e-child\" data-id=\"4ed6f3e\" data-element_type=\"container\">\n\t\t\t\t<div class=\"elementor-element elementor-element-f74a361 sub-form exad-sticky-section-no exad-glass-effect-no elementor-widget elementor-widget-html\" data-id=\"f74a361\" data-element_type=\"widget\" data-widget_type=\"html.default\">\n\t\t\t\t<div class=\"elementor-widget-container\">\n\t\t\t\t\t[guide_form]\t\t\t\t<\/div>\n\t\t\t\t<\/div>\n\t\t\t\t<\/div>\n\t\t\t\t<\/div>\n\t\t\t\t<\/div>\n\t\t\t\t\t<\/div>\n\t\t\t\t<\/div>\n\t\t<div class=\"elementor-element elementor-element-15d2898 e-flex e-con-boxed e-con e-parent\" data-id=\"15d2898\" data-element_type=\"container\">\n\t\t\t\t\t<div class=\"e-con-inner\">\n\t\t\t\t<div class=\"elementor-element elementor-element-2ac96ae elementor-widget__width-initial exad-sticky-section-no exad-glass-effect-no elementor-widget elementor-widget-image\" data-id=\"2ac96ae\" data-element_type=\"widget\" data-widget_type=\"image.default\">\n\t\t\t\t<div class=\"elementor-widget-container\">\n\t\t\t\t\t\t\t\t\t\t\t\t\t\t\t<img decoding=\"async\" src=\"https:\/\/www.prokfitness.com\/wp-content\/uploads\/2024\/07\/Benefits.png\" title=\"\" alt=\"\" loading=\"lazy\" \/>\t\t\t\t\t\t\t\t\t\t\t\t\t\t\t<\/div>\n\t\t\t\t<\/div>\n\t\t<div class=\"elementor-element elementor-element-05b7507 e-con-full e-flex e-con e-child\" data-id=\"05b7507\" data-element_type=\"container\">\n\t\t\t\t<div class=\"elementor-element elementor-element-910f9b7 exad-sticky-section-no exad-glass-effect-no elementor-widget elementor-widget-heading\" data-id=\"910f9b7\" data-element_type=\"widget\" data-widget_type=\"heading.default\">\n\t\t\t\t<div class=\"elementor-widget-container\">\n\t\t\t\t\t<h6 class=\"elementor-heading-title elementor-size-default\">Beneficios al adquirir la gu\u00eda<\/h6>\t\t\t\t<\/div>\n\t\t\t\t<\/div>\n\t\t\t\t<div class=\"elementor-element elementor-element-cccbf4b elementor-mobile-align-left elementor-icon-list--layout-traditional elementor-list-item-link-full_width exad-sticky-section-no exad-glass-effect-no elementor-widget elementor-widget-icon-list\" data-id=\"cccbf4b\" data-element_type=\"widget\" data-widget_type=\"icon-list.default\">\n\t\t\t\t<div class=\"elementor-widget-container\">\n\t\t\t\t\t\t\t<ul class=\"elementor-icon-list-items\">\n\t\t\t\t\t\t\t<li class=\"elementor-icon-list-item\">\n\t\t\t\t\t\t\t\t\t\t\t<span class=\"elementor-icon-list-icon\">\n\t\t\t\t\t\t\t<svg xmlns=\"http:\/\/www.w3.org\/2000\/svg\" width=\"32\" height=\"31\" viewBox=\"0 0 32 31\" fill=\"none\"><path d=\"M28.4631 14.3117V15.5C28.4615 18.2854 27.5581 20.9956 25.8875 23.2265C24.2169 25.4574 21.8687 27.0894 19.1931 27.8792C16.5175 28.6689 13.6578 28.5741 11.0406 27.6088C8.42342 26.6435 6.18889 24.8595 4.67029 22.5229C3.1517 20.1862 2.4304 17.4221 2.61398 14.6427C2.79756 11.8634 3.87618 9.21774 5.68898 7.10037C7.50177 4.983 9.9516 3.50736 12.6731 2.89351C15.3946 2.27966 18.242 2.56051 20.7906 3.69415M28.4631 5.16665L15.5245 18.0962L11.643 14.2212\" stroke=\"#1E1E1E\" stroke-width=\"4\" stroke-linecap=\"round\" stroke-linejoin=\"round\"><\/path><\/svg>\t\t\t\t\t\t<\/span>\n\t\t\t\t\t\t\t\t\t\t<span class=\"elementor-icon-list-text\">Aprende h\u00e1bitos y acciones para perder peso sin efecto rebote.<\/span>\n\t\t\t\t\t\t\t\t\t<\/li>\n\t\t\t\t\t\t\t\t<li class=\"elementor-icon-list-item\">\n\t\t\t\t\t\t\t\t\t\t\t<span class=\"elementor-icon-list-icon\">\n\t\t\t\t\t\t\t<svg xmlns=\"http:\/\/www.w3.org\/2000\/svg\" width=\"32\" height=\"31\" viewBox=\"0 0 32 31\" fill=\"none\"><path d=\"M28.4631 14.3117V15.5C28.4615 18.2854 27.5581 20.9956 25.8875 23.2265C24.2169 25.4574 21.8687 27.0894 19.1931 27.8792C16.5175 28.6689 13.6578 28.5741 11.0406 27.6088C8.42342 26.6435 6.18889 24.8595 4.67029 22.5229C3.1517 20.1862 2.4304 17.4221 2.61398 14.6427C2.79756 11.8634 3.87618 9.21774 5.68898 7.10037C7.50177 4.983 9.9516 3.50736 12.6731 2.89351C15.3946 2.27966 18.242 2.56051 20.7906 3.69415M28.4631 5.16665L15.5245 18.0962L11.643 14.2212\" stroke=\"#1E1E1E\" stroke-width=\"4\" stroke-linecap=\"round\" stroke-linejoin=\"round\"><\/path><\/svg>\t\t\t\t\t\t<\/span>\n\t\t\t\t\t\t\t\t\t\t<span class=\"elementor-icon-list-text\">\u00bfNo sabes cu\u00e1nto comer para alcanzar tu meta? Descubre c\u00f3mo crear un d\u00e9ficit cal\u00f3rico efectivo y entender\u00e1s tu progreso m\u00e1s all\u00e1 de la b\u00e1scula.<\/span>\n\t\t\t\t\t\t\t\t\t<\/li>\n\t\t\t\t\t\t\t\t<li class=\"elementor-icon-list-item\">\n\t\t\t\t\t\t\t\t\t\t\t<span class=\"elementor-icon-list-icon\">\n\t\t\t\t\t\t\t<svg xmlns=\"http:\/\/www.w3.org\/2000\/svg\" width=\"32\" height=\"31\" viewBox=\"0 0 32 31\" fill=\"none\"><path d=\"M28.4631 14.3117V15.5C28.4615 18.2854 27.5581 20.9956 25.8875 23.2265C24.2169 25.4574 21.8687 27.0894 19.1931 27.8792C16.5175 28.6689 13.6578 28.5741 11.0406 27.6088C8.42342 26.6435 6.18889 24.8595 4.67029 22.5229C3.1517 20.1862 2.4304 17.4221 2.61398 14.6427C2.79756 11.8634 3.87618 9.21774 5.68898 7.10037C7.50177 4.983 9.9516 3.50736 12.6731 2.89351C15.3946 2.27966 18.242 2.56051 20.7906 3.69415M28.4631 5.16665L15.5245 18.0962L11.643 14.2212\" stroke=\"#1E1E1E\" stroke-width=\"4\" stroke-linecap=\"round\" stroke-linejoin=\"round\"><\/path><\/svg>\t\t\t\t\t\t<\/span>\n\t\t\t\t\t\t\t\t\t\t<span class=\"elementor-icon-list-text\">Controla el hambre de manera eficaz durante la p\u00e9rdida de peso.<\/span>\n\t\t\t\t\t\t\t\t\t<\/li>\n\t\t\t\t\t\t\t\t<li class=\"elementor-icon-list-item\">\n\t\t\t\t\t\t\t\t\t\t\t<span class=\"elementor-icon-list-icon\">\n\t\t\t\t\t\t\t<svg xmlns=\"http:\/\/www.w3.org\/2000\/svg\" width=\"32\" height=\"31\" viewBox=\"0 0 32 31\" fill=\"none\"><path d=\"M28.4631 14.3117V15.5C28.4615 18.2854 27.5581 20.9956 25.8875 23.2265C24.2169 25.4574 21.8687 27.0894 19.1931 27.8792C16.5175 28.6689 13.6578 28.5741 11.0406 27.6088C8.42342 26.6435 6.18889 24.8595 4.67029 22.5229C3.1517 20.1862 2.4304 17.4221 2.61398 14.6427C2.79756 11.8634 3.87618 9.21774 5.68898 7.10037C7.50177 4.983 9.9516 3.50736 12.6731 2.89351C15.3946 2.27966 18.242 2.56051 20.7906 3.69415M28.4631 5.16665L15.5245 18.0962L11.643 14.2212\" stroke=\"#1E1E1E\" stroke-width=\"4\" stroke-linecap=\"round\" stroke-linejoin=\"round\"><\/path><\/svg>\t\t\t\t\t\t<\/span>\n\t\t\t\t\t\t\t\t\t\t<span class=\"elementor-icon-list-text\">Evita errores comunes y obt\u00e9n resultados \u00f3ptimos.<\/span>\n\t\t\t\t\t\t\t\t\t<\/li>\n\t\t\t\t\t\t<\/ul>\n\t\t\t\t\t\t<\/div>\n\t\t\t\t<\/div>\n\t\t\t\t<\/div>\n\t\t\t\t\t<\/div>\n\t\t\t\t<\/div>\n\t\t<div class=\"elementor-element elementor-element-c605f96 e-flex e-con-boxed e-con e-parent\" data-id=\"c605f96\" data-element_type=\"container\" data-settings=\"{&quot;background_background&quot;:&quot;classic&quot;}\">\n\t\t\t\t\t<div class=\"e-con-inner\">\n\t\t\t\t<div class=\"elementor-element elementor-element-fa6d2be cut-price elementor-widget__width-initial exad-sticky-section-no exad-glass-effect-no elementor-widget elementor-widget-text-editor\" data-id=\"fa6d2be\" data-element_type=\"widget\" data-widget_type=\"text-editor.default\">\n\t\t\t\t<div class=\"elementor-widget-container\">\n\t\t\t\t\t\t\t\t\t<p>Aprende c\u00f3mo empezar a mejorar tu figura con sencillos pasos. \u00a1No pierdas esta oportunidad! Suscr\u00edbete ahora y recibe tu gu\u00eda digital al instante.<\/p>\t\t\t\t\t\t\t\t<\/div>\n\t\t\t\t<\/div>\n\t\t\t\t<div class=\"elementor-element elementor-element-19bbac4 elementor-align-center exad-sticky-section-no exad-glass-effect-no elementor-widget elementor-widget-button\" data-id=\"19bbac4\" data-element_type=\"widget\" data-widget_type=\"button.default\">\n\t\t\t\t<div class=\"elementor-widget-container\">\n\t\t\t\t\t\t\t\t\t<div class=\"elementor-button-wrapper\">\n\t\t\t\t\t<a class=\"elementor-button elementor-button-link elementor-size-sm\" href=\"#\">\n\t\t\t\t\t\t<span class=\"elementor-button-content-wrapper\">\n\t\t\t\t\t\t\t\t\t<span class=\"elementor-button-text\">\u00a1Descarga tu gu\u00eda gratis ahora!<\/span>\n\t\t\t\t\t<\/span>\n\t\t\t\t\t<\/a>\n\t\t\t\t<\/div>\n\t\t\t\t\t\t\t\t<\/div>\n\t\t\t\t<\/div>\n\t\t\t\t\t<\/div>\n\t\t\t\t<\/div>\n\t\t\t\t<\/div>\n\t\t","protected":false},"excerpt":{"rendered":"<p>\u00bfQuieres perder peso pero no sabes por d\u00f3nde empezar? Mi gu\u00eda GRATIS de 7 pasos para perder grasa abdominal te ayudar\u00e1 Descubre las claves de como lograr un abdomen plana de manera efectiva. Esta gu\u00eda, especialmente dise\u00f1ada para principiantes, te permitir\u00e1 comprender c\u00f3mo adelgazar de manera adecuada y sostenible. [guide_form] Beneficios al adquirir la gu\u00eda [&hellip;]<\/p>\n","protected":false},"author":11,"featured_media":0,"parent":0,"menu_order":0,"comment_status":"closed","ping_status":"closed","template":"elementor_header_footer","meta":{"two_page_speed":[],"footnotes":""},"class_list":["post-3019","page","type-page","status-publish","hentry"],"_links":{"self":[{"href":"https:\/\/www.prokfitness.com\/es\/wp-json\/wp\/v2\/pages\/3019","targetHints":{"allow":["GET"]}}],"collection":[{"href":"https:\/\/www.prokfitness.com\/es\/wp-json\/wp\/v2\/pages"}],"about":[{"href":"https:\/\/www.prokfitness.com\/es\/wp-json\/wp\/v2\/types\/page"}],"author":[{"embeddable":true,"href":"https:\/\/www.prokfitness.com\/es\/wp-json\/wp\/v2\/users\/11"}],"replies":[{"embeddable":true,"href":"https:\/\/www.prokfitness.com\/es\/wp-json\/wp\/v2\/comments?post=3019"}],"version-history":[{"count":0,"href":"https:\/\/www.prokfitness.com\/es\/wp-json\/wp\/v2\/pages\/3019\/revisions"}],"wp:attachment":[{"href":"https:\/\/www.prokfitness.com\/es\/wp-json\/wp\/v2\/media?parent=3019"}],"curies":[{"name":"wp","href":"https:\/\/api.w.org\/{rel}","templated":true}]}}